{"id":2,"date":"2022-03-10T19:24:01","date_gmt":"2022-03-10T19:24:01","guid":{"rendered":"https:\/\/dramazin.hu\/?page_id=2"},"modified":"2024-10-09T13:48:25","modified_gmt":"2024-10-09T13:48:25","slug":"ez-egy-minta-oldal","status":"publish","type":"page","link":"https:\/\/dramazin.hu\/?page_id=2","title":{"rendered":"R\u00f3lunk"},"content":{"rendered":"\n<figure class=\"wp-block-image alignwide size-large\"><img loading=\"lazy\" decoding=\"async\" width=\"1024\" height=\"346\" src=\"https:\/\/dramazin.hu\/wp-content\/uploads\/2022\/04\/20220314_135056_-Copy-1024x346.jpg\" alt=\"\" class=\"wp-image-559\" srcset=\"https:\/\/dramazin.hu\/wp-content\/uploads\/2022\/04\/20220314_135056_-Copy-1024x346.jpg 1024w, https:\/\/dramazin.hu\/wp-content\/uploads\/2022\/04\/20220314_135056_-Copy-300x101.jpg 300w, https:\/\/dramazin.hu\/wp-content\/uploads\/2022\/04\/20220314_135056_-Copy-768x259.jpg 768w, https:\/\/dramazin.hu\/wp-content\/uploads\/2022\/04\/20220314_135056_-Copy-1536x519.jpg 1536w, https:\/\/dramazin.hu\/wp-content\/uploads\/2022\/04\/20220314_135056_-Copy.jpg 1850w\" sizes=\"auto, (max-width: 1024px) 100vw, 1024px\" \/><\/figure>\n\n\n\n<div style=\"height:40px\" aria-hidden=\"true\" class=\"wp-block-spacer\"><\/div>\n\n\n\n<p>Dramazin, a magyar dram magazin.<\/p>\n\n\n\n<p>K\u00f6z\u00f6s \u00e9rdekl\u0151d\u00e9si k\u00f6r\u00fcnk, a min\u0151s\u00e9gi alkoholfogyaszt\u00e1s, azon bel\u00fcl is els\u0151sorban a whisky hozott minket egy platformra. Az ig\u00e9ny, hogy ne csak a poharunkba ker\u00fclj\u00f6n igazi tartalom. Szeret\u00fcnk j\u00f3kat inni, j\u00f3kat besz\u00e9lgetni, olvasni \u00e9s \u00edrni. \u00cdrni a whiskyr\u0151l. Egy kicsit m\u00e1sk\u00e9ppen. M\u00e1s ir\u00e1nyb\u00f3l megk\u00f6zel\u00edtve a dolgokat, vagy \u00e9pp k\u00e9rd\u00e9seket megfogalmazni. N\u00e9ha kicsit irodalmi m\u00f3don, n\u00e9ha nyersebben, pimaszul vagy ak\u00e1r kicsit filozof\u00e1lva. Szeretn\u00e9nk megmutatni, hogy a whisky t\u00f6bb mint alkohol \u00e9s, hogy a whiskyr\u0151l nem csak annyit lehet le\u00edrni, hogy mit \u00e9rz\u00fcnk ha megk\u00f3stoljuk vagy \u00e9pp hol akci\u00f3s a dzsimb\u00edm\u2026 az\u00e9rt, hogy legyen val\u00f3s tartalma is a hazai whisky \u00e9s italkult\u00far\u00e1nak, nem csak a poharakban. <\/p>\n\n\n\n<p>A whiskyr\u0151l m\u00e1shogyan. <\/p>\n\n\n\n<p>A magazin teljes m\u00e9rt\u00e9kben non-profit jelleg\u0171. Igyeksz\u00fcnk a lehet\u0151 legt\u00f6bb dolgot ingyenes lehet\u0151s\u00e9gekkel megoldani, a m\u00e9gis felmer\u00fcl\u0151 k\u00f6lts\u00e9geket (web t\u00e1rhely, k\u00f3stolt whisky, b\u00e1rmi) a szerkeszt\u0151s\u00e9g tagjai maguknak finansz\u00edrozz\u00e1k. Nincsenek hirdet\u00e9sek, senkit\u0151l nem kapunk semmit a munk\u00e1nk\u00e9rt, senkinek nem \u00edrunk megb\u00edz\u00e1sb\u00f3l.<\/p>\n\n\n\n<p>H\u00e1rom \u00e1lland\u00f3 alap\u00edt\u00f3 szerz\u0151nk:<\/p>\n\n\n\n<p><a href=\"https:\/\/dramazin.hu\/?cat=3\">Tipsy Lady<\/a><\/p>\n\n\n\n<p><a href=\"https:\/\/dramazin.hu\/?cat=4\">Barman\u2019s Choice<\/a><\/p>\n\n\n\n<p><a href=\"https:\/\/dramazin.hu\/?cat=2\">T\u00f6lgyesi Norbert<\/a> (minden m\u00e1s projektr\u0151l: <a href=\"https:\/\/tolgyesinorbert.hu\" data-type=\"link\" data-id=\"https:\/\/tolgyesinorbert.hu\">tolgyesinorbert.hu<\/a>)<\/p>\n\n\n\n<p><\/p>\n\n\n\n<p><em>Minden az oldalon tal\u00e1lhat\u00f3 tartalom csak a szerz\u0151k \u00edr\u00e1sos enged\u00e9ly\u00e9vel haszn\u00e1lhat\u00f3 fel ak\u00e1r r\u00e9szben vagy eg\u00e9szben!Az oldalon 18 \u00e9ven fel\u00fclieknek sz\u00f3l\u00f3 tartalom tal\u00e1lhat\u00f3. A Dramazin a felel\u0151ss\u00e9gteljes alkoholfogyaszt\u00e1s t\u00e1mogat\u00f3ja. <\/em><\/p>\n\n\n\n<p><\/p>\n","protected":false},"excerpt":{"rendered":"<p>Dramazin, a magyar dram magazin. K\u00f6z\u00f6s \u00e9rdekl\u0151d\u00e9si k\u00f6r\u00fcnk, a min\u0151s\u00e9gi alkoholfogyaszt\u00e1s, azon bel\u00fcl is els\u0151sorban&#8230;<\/p>\n","protected":false},"author":1,"featured_media":0,"parent":0,"menu_order":0,"comment_status":"closed","ping_status":"open","template":"","meta":{"footnotes":""},"class_list":["post-2","page","type-page","status-publish","hentry"],"_links":{"self":[{"href":"https:\/\/dramazin.hu\/index.php?rest_route=\/wp\/v2\/pages\/2","targetHints":{"allow":["GET"]}}],"collection":[{"href":"https:\/\/dramazin.hu\/index.php?rest_route=\/wp\/v2\/pages"}],"about":[{"href":"https:\/\/dramazin.hu\/index.php?rest_route=\/wp\/v2\/types\/page"}],"author":[{"embeddable":true,"href":"https:\/\/dramazin.hu\/index.php?rest_route=\/wp\/v2\/users\/1"}],"replies":[{"embeddable":true,"href":"https:\/\/dramazin.hu\/index.php?rest_route=%2Fwp%2Fv2%2Fcomments&post=2"}],"version-history":[{"count":18,"href":"https:\/\/dramazin.hu\/index.php?rest_route=\/wp\/v2\/pages\/2\/revisions"}],"predecessor-version":[{"id":11160,"href":"https:\/\/dramazin.hu\/index.php?rest_route=\/wp\/v2\/pages\/2\/revisions\/11160"}],"wp:attachment":[{"href":"https:\/\/dramazin.hu\/index.php?rest_route=%2Fwp%2Fv2%2Fmedia&parent=2"}],"curies":[{"name":"wp","href":"https:\/\/api.w.org\/{rel}","templated":true}]}}