{"id":5711,"date":"2023-02-12T20:26:28","date_gmt":"2023-02-12T20:26:28","guid":{"rendered":"https:\/\/dramazin.hu\/?page_id=5711"},"modified":"2023-05-14T08:51:39","modified_gmt":"2023-05-14T08:51:39","slug":"highland-park-napok-kostolasaink-listaja","status":"publish","type":"page","link":"https:\/\/dramazin.hu\/?page_id=5711","title":{"rendered":"Highland Park napok k\u00f3stol\u00e1saink list\u00e1ja"},"content":{"rendered":"\n<div style=\"height:30px\" aria-hidden=\"true\" class=\"wp-block-spacer\"><\/div>\n\n\n\n<p>A &#8222;just gimme the damn thing&#8221; lelk\u00fclet\u0171 \u00e9s az adatok\u00e9rt rajong\u00f3 olvas\u00f3ink sz\u00e1m\u00e1ra is szeretn\u00e9nk kedveskedni (vagy azoknak, akik szeretn\u00e9k pont azt kipr\u00f3b\u00e1lni, amit mi), ez\u00e9rt k\u00f6zz\u00e9tessz\u00fck egy helyen a <a href=\"https:\/\/dramazin.hu\/?page_id=6010\" data-type=\"URL\" data-id=\"https:\/\/dramazin.hu\/?page_id=6010\">Highland Park napok <\/a>alatt k\u00f3stolt t\u00e9telek list\u00e1j\u00e1t. A Vill\u00e1mverdiktben megjelent dramok r\u00f6vid jegyzeteit\u00a0<a href=\"https:\/\/dramazin.hu\/?page_id=2619\">itt<\/a>\u00a0tal\u00e1lj\u00e1tok.\u00a0<\/p>\n\n\n\n<div style=\"height:30px\" aria-hidden=\"true\" class=\"wp-block-spacer\"><\/div>\n\n\n\n<figure class=\"wp-block-image alignwide size-full\"><img loading=\"lazy\" decoding=\"async\" width=\"1743\" height=\"1454\" src=\"https:\/\/dramazin.hu\/wp-content\/uploads\/2023\/02\/montazs2.jpg\" alt=\"\" class=\"wp-image-5724\" srcset=\"https:\/\/dramazin.hu\/wp-content\/uploads\/2023\/02\/montazs2.jpg 1743w, https:\/\/dramazin.hu\/wp-content\/uploads\/2023\/02\/montazs2-300x250.jpg 300w, https:\/\/dramazin.hu\/wp-content\/uploads\/2023\/02\/montazs2-1024x854.jpg 1024w, https:\/\/dramazin.hu\/wp-content\/uploads\/2023\/02\/montazs2-768x641.jpg 768w, https:\/\/dramazin.hu\/wp-content\/uploads\/2023\/02\/montazs2-1536x1281.jpg 1536w\" sizes=\"auto, (max-width: 1743px) 100vw, 1743px\" \/><\/figure>\n\n\n\n<p><\/p>\n\n\n\n<div style=\"height:30px\" aria-hidden=\"true\" class=\"wp-block-spacer\"><\/div>\n\n\n\n<ul class=\"wp-block-list\">\n<li>Highland Park 21 (August 2019 Release, 46%)<\/li>\n\n\n\n<li>Highland Park Full Volume 47.2 % 1999-2017 first fill bourbon<\/li>\n\n\n\n<li>Highland Park 17 Year Old The Dark 52.9 % european oak first fill sherry-bottler 2017 total 28000<\/li>\n\n\n\n<li>Highland Park 16 \u00e9ves, Wings of th Eagle, 44.5%<\/li>\n\n\n\n<li>Highland Park 16 \u00e9ves Twisted Tattoo 47.5%<\/li>\n\n\n\n<li>Highland Park 8 yo 70 Proof Gordon &amp; MacPhail Licenced bottling +\/- 1975<\/li>\n\n\n\n<li>Highland Park 25 yo 1990\/2015 50.6% Cadenhead\u2019s Small Batch 1\/426<\/li>\n\n\n\n<li>Highland Park 20 yo 2000\/2021 58.1%. Scotch Malt Whisky Society, #4.266 \u201cThe Dark Lord Of Stromness\u201d 1st fill barrel 1\/202<\/li>\n\n\n\n<li>Highland Park 18 Year Old \u2018Viking Pride\u2019 OB 43%<\/li>\n\n\n\n<li>Highland Park 18 Year Old \u2018Viking Pride \u2013 Travel Edition\u2019 46%<\/li>\n\n\n\n<li>Highland Park 12 Year Old Saint Magnus-Inga Saga Trilogy Edition Two 1998\/2010 55%<\/li>\n\n\n\n<li>Highland Park Fire Edition, 2016, Refill Port-Seasoned Casks, 45.2%, 28000 bottles<\/li>\n\n\n\n<li>Highland Park Light 17 Year Old 52.9 % refill american oak cask, OB<\/li>\n\n\n\n<li>Highland Park Dolphins 40%<\/li>\n\n\n\n<li>Highland Park 10 Year Old &#8216;Viking Scars&#8217; 40%<\/li>\n\n\n\n<li>Highland Park Cask Strength Batch 1. 63.3%<\/li>\n\n\n\n<li>Highland Park Cask Strength Batch 2. 63.9%<\/li>\n\n\n\n<li>Highland Park 30 Year Old 48.1 % OB<\/li>\n\n\n\n<li>Scapa Skiren, First fill American oak, 40%<\/li>\n\n\n\n<li>Scapa Glansa, Peated Whisky Cask Finish, 40%<\/li>\n\n\n\n<li>Scapa Gordon &amp; MacPhail, Licensed Bottling, 2005-2017, 11 years old, 43%<\/li>\n\n\n\n<li>Kirkwall Bay 46 % Morrison &amp; Mackay<\/li>\n\n\n\n<li>Cask Orkney 18 Year Old 46 % A.D.Rattray bourbon cask<\/li>\n\n\n\n<li>Orkney 1992 Highland Park 21 Year Old Samaroli Coilltean 41.6 % Cask No.1246 1\/99<\/li>\n<\/ul>\n","protected":false},"excerpt":{"rendered":"<p>A &#8222;just gimme the damn thing&#8221; lelk\u00fclet\u0171 \u00e9s az adatok\u00e9rt rajong\u00f3 olvas\u00f3ink sz\u00e1m\u00e1ra is szeretn\u00e9nk&#8230;<\/p>\n","protected":false},"author":1,"featured_media":0,"parent":0,"menu_order":0,"comment_status":"closed","ping_status":"closed","template":"","meta":{"footnotes":""},"class_list":["post-5711","page","type-page","status-publish","hentry"],"_links":{"self":[{"href":"https:\/\/dramazin.hu\/index.php?rest_route=\/wp\/v2\/pages\/5711","targetHints":{"allow":["GET"]}}],"collection":[{"href":"https:\/\/dramazin.hu\/index.php?rest_route=\/wp\/v2\/pages"}],"about":[{"href":"https:\/\/dramazin.hu\/index.php?rest_route=\/wp\/v2\/types\/page"}],"author":[{"embeddable":true,"href":"https:\/\/dramazin.hu\/index.php?rest_route=\/wp\/v2\/users\/1"}],"replies":[{"embeddable":true,"href":"https:\/\/dramazin.hu\/index.php?rest_route=%2Fwp%2Fv2%2Fcomments&post=5711"}],"version-history":[{"count":13,"href":"https:\/\/dramazin.hu\/index.php?rest_route=\/wp\/v2\/pages\/5711\/revisions"}],"predecessor-version":[{"id":8681,"href":"https:\/\/dramazin.hu\/index.php?rest_route=\/wp\/v2\/pages\/5711\/revisions\/8681"}],"wp:attachment":[{"href":"https:\/\/dramazin.hu\/index.php?rest_route=%2Fwp%2Fv2%2Fmedia&parent=5711"}],"curies":[{"name":"wp","href":"https:\/\/api.w.org\/{rel}","templated":true}]}}