{"id":6004,"date":"2023-02-22T14:37:10","date_gmt":"2023-02-22T14:37:10","guid":{"rendered":"https:\/\/dramazin.hu\/?page_id=6004"},"modified":"2024-10-08T15:32:40","modified_gmt":"2024-10-08T15:32:40","slug":"szerzoink","status":"publish","type":"page","link":"https:\/\/dramazin.hu\/?page_id=6004","title":{"rendered":"Szerz\u0151ink"},"content":{"rendered":"\n<p>H\u00e1rom \u00e1lland\u00f3 alap\u00edt\u00f3 szerz\u0151nk:<\/p>\n\n\n\n<p><a href=\"https:\/\/dramazin.hu\/?cat=3\" data-type=\"URL\" data-id=\"https:\/\/dramazin.hu\/?cat=3\">Tipsy Lady<\/a><\/p>\n\n\n\n<p><a href=\"https:\/\/dramazin.hu\/?cat=4\" data-type=\"URL\" data-id=\"https:\/\/dramazin.hu\/?cat=4\">Barman&#8217;s Choice<\/a><\/p>\n\n\n\n<p><a href=\"https:\/\/dramazin.hu\/?cat=2\" data-type=\"URL\" data-id=\"https:\/\/dramazin.hu\/?cat=2\">T\u00f6lgyesi Norbert<\/a><\/p>\n","protected":false},"excerpt":{"rendered":"<p>H\u00e1rom \u00e1lland\u00f3 alap\u00edt\u00f3 szerz\u0151nk: Tipsy Lady Barman&#8217;s Choice T\u00f6lgyesi Norbert<\/p>\n","protected":false},"author":1,"featured_media":0,"parent":0,"menu_order":0,"comment_status":"closed","ping_status":"closed","template":"","meta":{"footnotes":""},"class_list":["post-6004","page","type-page","status-publish","hentry"],"_links":{"self":[{"href":"https:\/\/dramazin.hu\/index.php?rest_route=\/wp\/v2\/pages\/6004","targetHints":{"allow":["GET"]}}],"collection":[{"href":"https:\/\/dramazin.hu\/index.php?rest_route=\/wp\/v2\/pages"}],"about":[{"href":"https:\/\/dramazin.hu\/index.php?rest_route=\/wp\/v2\/types\/page"}],"author":[{"embeddable":true,"href":"https:\/\/dramazin.hu\/index.php?rest_route=\/wp\/v2\/users\/1"}],"replies":[{"embeddable":true,"href":"https:\/\/dramazin.hu\/index.php?rest_route=%2Fwp%2Fv2%2Fcomments&post=6004"}],"version-history":[{"count":8,"href":"https:\/\/dramazin.hu\/index.php?rest_route=\/wp\/v2\/pages\/6004\/revisions"}],"predecessor-version":[{"id":11152,"href":"https:\/\/dramazin.hu\/index.php?rest_route=\/wp\/v2\/pages\/6004\/revisions\/11152"}],"wp:attachment":[{"href":"https:\/\/dramazin.hu\/index.php?rest_route=%2Fwp%2Fv2%2Fmedia&parent=6004"}],"curies":[{"name":"wp","href":"https:\/\/api.w.org\/{rel}","templated":true}]}}