{"id":8595,"date":"2023-05-04T05:58:38","date_gmt":"2023-05-04T05:58:38","guid":{"rendered":"https:\/\/dramazin.hu\/?page_id=8595"},"modified":"2023-05-04T06:09:10","modified_gmt":"2023-05-04T06:09:10","slug":"spirit-of-speyside","status":"publish","type":"page","link":"https:\/\/dramazin.hu\/?page_id=8595","title":{"rendered":"Spirit of Speyside"},"content":{"rendered":"\n<figure class=\"wp-block-image aligncenter size-large is-resized\"><img loading=\"lazy\" decoding=\"async\" src=\"https:\/\/dramazin.hu\/wp-content\/uploads\/2023\/04\/AA99E067-BDB9-4295-99CE-F219AD12973D-1024x775.jpeg\" alt=\"\" class=\"wp-image-8102\" width=\"512\" height=\"388\" srcset=\"https:\/\/dramazin.hu\/wp-content\/uploads\/2023\/04\/AA99E067-BDB9-4295-99CE-F219AD12973D-1024x775.jpeg 1024w, https:\/\/dramazin.hu\/wp-content\/uploads\/2023\/04\/AA99E067-BDB9-4295-99CE-F219AD12973D-300x227.jpeg 300w, https:\/\/dramazin.hu\/wp-content\/uploads\/2023\/04\/AA99E067-BDB9-4295-99CE-F219AD12973D-768x581.jpeg 768w, https:\/\/dramazin.hu\/wp-content\/uploads\/2023\/04\/AA99E067-BDB9-4295-99CE-F219AD12973D.jpeg 1110w\" sizes=\"auto, (max-width: 512px) 100vw, 512px\" \/><\/figure>\n\n\n\n<p>2023. \u00e1prilis 26-\u00e1n kezd\u0151d\u00f6tt a Spirit of Speyside Whisky Festival Sk\u00f3ci\u00e1ban, \u00edgy ezt a n\u00e9h\u00e1ny napot mi is a r\u00e9gi\u00f3b\u00f3l sz\u00e1rmaz\u00f3 whiskyknek szentelt\u00fck. A <a href=\"https:\/\/dramazin.hu\/?page_id=2619\" data-type=\"URL\" data-id=\"https:\/\/dramazin.hu\/?page_id=2619\">Vill\u00e1mverdikt arch\u00edvumban<\/a> tal\u00e1lhatj\u00e1tok a megjelent gyors\u00e9rt\u00e9kel\u00e9seket, a t\u00e9m\u00e1hoz tartoz\u00f3 cikkeinket pedig <a href=\"https:\/\/dramazin.hu\/?cat=169\" data-type=\"URL\" data-id=\"https:\/\/dramazin.hu\/?cat=169\">itt<\/a>.<\/p>\n","protected":false},"excerpt":{"rendered":"<p>2023. \u00e1prilis 26-\u00e1n kezd\u0151d\u00f6tt a Spirit of Speyside Whisky Festival Sk\u00f3ci\u00e1ban, \u00edgy ezt a n\u00e9h\u00e1ny&#8230;<\/p>\n","protected":false},"author":1,"featured_media":0,"parent":0,"menu_order":0,"comment_status":"closed","ping_status":"closed","template":"","meta":{"footnotes":""},"class_list":["post-8595","page","type-page","status-publish","hentry"],"_links":{"self":[{"href":"https:\/\/dramazin.hu\/index.php?rest_route=\/wp\/v2\/pages\/8595","targetHints":{"allow":["GET"]}}],"collection":[{"href":"https:\/\/dramazin.hu\/index.php?rest_route=\/wp\/v2\/pages"}],"about":[{"href":"https:\/\/dramazin.hu\/index.php?rest_route=\/wp\/v2\/types\/page"}],"author":[{"embeddable":true,"href":"https:\/\/dramazin.hu\/index.php?rest_route=\/wp\/v2\/users\/1"}],"replies":[{"embeddable":true,"href":"https:\/\/dramazin.hu\/index.php?rest_route=%2Fwp%2Fv2%2Fcomments&post=8595"}],"version-history":[{"count":3,"href":"https:\/\/dramazin.hu\/index.php?rest_route=\/wp\/v2\/pages\/8595\/revisions"}],"predecessor-version":[{"id":8609,"href":"https:\/\/dramazin.hu\/index.php?rest_route=\/wp\/v2\/pages\/8595\/revisions\/8609"}],"wp:attachment":[{"href":"https:\/\/dramazin.hu\/index.php?rest_route=%2Fwp%2Fv2%2Fmedia&parent=8595"}],"curies":[{"name":"wp","href":"https:\/\/api.w.org\/{rel}","templated":true}]}}